{"id":1511,"date":"2018-07-15T21:03:07","date_gmt":"2018-07-15T21:03:07","guid":{"rendered":"https:\/\/demos.codetipi.com\/zeen-art\/?page_id=39"},"modified":"2023-08-09T17:11:20","modified_gmt":"2023-08-09T10:11:20","slug":"song-sanh-cafe","status":"publish","type":"page","link":"https:\/\/songsanh.cafe\/","title":{"rendered":""},"content":{"rendered":"\n<div class=\"wp-block-columns alignfull is-layout-flex wp-container-core-columns-is-layout-28f84493 wp-block-columns-is-layout-flex\">\n<div class=\"wp-block-column is-layout-flow wp-block-column-is-layout-flow\">\n<div class=\"wp-block-cover alignfull is-light\" style=\"margin-top:0;padding-top:3vw;padding-right:3vw;padding-bottom:3vw;padding-left:3vw\"><span aria-hidden=\"true\" class=\"wp-block-cover__background has-base-background-color has-background-dim-100 has-background-dim\"><\/span><div class=\"wp-block-cover__inner-container is-layout-flow wp-block-cover-is-layout-flow\">\n<div class=\"wp-block-group is-content-justification-center is-layout-flex wp-container-core-group-is-layout-82565499 wp-block-group-is-layout-flex\">\n<div class=\"wp-block-group alignwide wp-container-content-ceb7f5b3 has-global-padding is-content-justification-left is-layout-constrained wp-container-core-group-is-layout-852f5fc7 wp-block-group-is-layout-constrained\">\n<figure class=\"wp-block-image size-medium\"><img loading=\"lazy\" decoding=\"async\" width=\"300\" height=\"300\" src=\"https:\/\/songsanh.cafe\/wp-content\/uploads\/2020\/01\/songsanhlogo_800-300x300.png\" alt=\"\" class=\"wp-image-1547\" srcset=\"https:\/\/songsanh.cafe\/wp-content\/uploads\/2020\/01\/songsanhlogo_800-300x300.png 300w, https:\/\/songsanh.cafe\/wp-content\/uploads\/2020\/01\/songsanhlogo_800-100x100.png 100w, https:\/\/songsanh.cafe\/wp-content\/uploads\/2020\/01\/songsanhlogo_800-770x770.png 770w, https:\/\/songsanh.cafe\/wp-content\/uploads\/2020\/01\/songsanhlogo_800-500x500.png 500w, https:\/\/songsanh.cafe\/wp-content\/uploads\/2020\/01\/songsanhlogo_800-293x293.png 293w, https:\/\/songsanh.cafe\/wp-content\/uploads\/2020\/01\/songsanhlogo_800-390x390.png 390w, https:\/\/songsanh.cafe\/wp-content\/uploads\/2020\/01\/songsanhlogo_800-585x585.png 585w, https:\/\/songsanh.cafe\/wp-content\/uploads\/2020\/01\/songsanhlogo_800.png 800w\" sizes=\"auto, (max-width: 300px) 100vw, 300px\" \/><\/figure>\n<\/div>\n<\/div>\n<\/div><\/div>\n<\/div>\n\n\n\n<div class=\"wp-block-column is-layout-flow wp-block-column-is-layout-flow\">\n<div class=\"wp-block-cover alignfull is-light\" style=\"margin-top:0;padding-top:3vw;padding-right:3vw;padding-bottom:3vw;padding-left:3vw\"><span aria-hidden=\"true\" class=\"wp-block-cover__background has-base-background-color has-background-dim-100 has-background-dim\"><\/span><div class=\"wp-block-cover__inner-container is-layout-flow wp-block-cover-is-layout-flow\">\n<div class=\"wp-block-group is-content-justification-center is-layout-flex wp-container-core-group-is-layout-82565499 wp-block-group-is-layout-flex\">\n<div class=\"wp-block-group alignwide wp-container-content-ceb7f5b3 has-global-padding is-content-justification-left is-layout-constrained wp-container-core-group-is-layout-852f5fc7 wp-block-group-is-layout-constrained\"><\/div>\n<\/div>\n<\/div><\/div>\n<\/div>\n<\/div>\n\n\n\n<div class=\"wp-block-columns alignfull is-layout-flex wp-container-core-columns-is-layout-28f84493 wp-block-columns-is-layout-flex\">\n<div class=\"wp-block-column is-layout-flow wp-block-column-is-layout-flow\">\n<div class=\"wp-block-cover alignfull is-light\" style=\"margin-top:0;padding-top:3vw;padding-right:3vw;padding-bottom:3vw;padding-left:3vw\"><span aria-hidden=\"true\" class=\"wp-block-cover__background has-base-background-color has-background-dim-100 has-background-dim\"><\/span><div class=\"wp-block-cover__inner-container is-layout-flow wp-block-cover-is-layout-flow\">\n<div class=\"wp-block-group is-content-justification-center is-layout-flex wp-container-core-group-is-layout-82565499 wp-block-group-is-layout-flex\">\n<div class=\"wp-block-group alignwide wp-container-content-ceb7f5b3 has-global-padding is-content-justification-left is-layout-constrained wp-container-core-group-is-layout-852f5fc7 wp-block-group-is-layout-constrained\">\n<h2 class=\"wp-block-heading alignwide has-text-align-left has-contrast-color has-text-color\" style=\"font-size:clamp(18.959px, 1.185rem + ((1vw - 3.2px) * 1.255), 30px);font-style:normal;font-weight:500;text-transform:none\">A cozy coffee shop right opposite Ho Chi Minh Museum, S\u00f3ng S\u00e1nh Caf\u00e9 offers a visual and taste delight with a wide range of drinks, light bites, local artworks and merchandises.<\/h2>\n\n\n\n<h2 class=\"wp-block-heading alignwide has-text-align-left has-contrast-color has-text-color\" style=\"font-size:clamp(18.959px, 1.185rem + ((1vw - 3.2px) * 1.255), 30px);font-style:normal;font-weight:500;text-transform:none\">&#8211;<\/h2>\n\n\n\n<h2 class=\"wp-block-heading alignwide has-text-align-left has-contrast-color has-text-color\" style=\"font-size:clamp(18.959px, 1.185rem + ((1vw - 3.2px) * 1.255), 30px);font-style:normal;font-weight:500;text-transform:none\">\ud83d\udccd&nbsp;48 Ng\u1ecdc H\u00e0, Ba \u0110\u00ecnh, H\u00e0 N\u1ed9i<\/h2>\n\n\n\n<h2 class=\"wp-block-heading alignwide has-text-align-left has-contrast-color has-text-color\" style=\"font-size:clamp(18.959px, 1.185rem + ((1vw - 3.2px) * 1.255), 30px);font-style:normal;font-weight:500;text-transform:none\">\u23f0 7:00 &#8211; 19:00 daily<\/h2>\n\n\n\n<h2 class=\"wp-block-heading alignwide has-text-align-left has-contrast-color has-text-color\" style=\"font-size:clamp(18.959px, 1.185rem + ((1vw - 3.2px) * 1.255), 30px);font-style:normal;font-weight:500;text-transform:none\">\u2615 home roasted coffee, espresso-based drinks, hand brew, local sourced tea &amp; fresh pressed juices<\/h2>\n\n\n\n<h2 class=\"wp-block-heading alignwide has-text-align-left has-contrast-color has-text-color\" style=\"font-size:clamp(18.959px, 1.185rem + ((1vw - 3.2px) * 1.255), 30px);font-style:normal;font-weight:500;text-transform:none\">\ud83e\udd50 brownie &amp; croissant<\/h2>\n\n\n\n<h2 class=\"wp-block-heading alignwide has-text-align-left has-contrast-color has-text-color\" style=\"font-size:clamp(18.959px, 1.185rem + ((1vw - 3.2px) * 1.255), 30px);font-style:normal;font-weight:500;text-transform:none\">\ud83d\udcec&nbsp;hello@songsanh.cafe<\/h2>\n\n\n\n<h2 class=\"wp-block-heading alignwide has-text-align-left has-contrast-color has-text-color\" style=\"font-size:clamp(18.959px, 1.185rem + ((1vw - 3.2px) * 1.255), 30px);font-style:normal;font-weight:500;text-transform:none\">&#8211;<\/h2>\n<\/div>\n<\/div>\n<\/div><\/div>\n<\/div>\n\n\n\n<div class=\"wp-block-column is-layout-flow wp-block-column-is-layout-flow\">\n<div class=\"wp-block-cover alignfull is-light\" style=\"margin-top:0;padding-top:3vw;padding-right:3vw;padding-bottom:3vw;padding-left:3vw\"><span aria-hidden=\"true\" class=\"wp-block-cover__background has-base-background-color has-background-dim-100 has-background-dim\"><\/span><div class=\"wp-block-cover__inner-container is-layout-flow wp-block-cover-is-layout-flow\">\n<div class=\"wp-block-group is-content-justification-center is-layout-flex wp-container-core-group-is-layout-82565499 wp-block-group-is-layout-flex\">\n<div class=\"wp-block-group alignwide wp-container-content-ceb7f5b3 has-global-padding is-content-justification-left is-layout-constrained wp-container-core-group-is-layout-852f5fc7 wp-block-group-is-layout-constrained\">\n<figure class=\"wp-block-image size-large\"><img loading=\"lazy\" decoding=\"async\" width=\"683\" height=\"1024\" src=\"https:\/\/songsanh.cafe\/wp-content\/uploads\/2020\/05\/SongSanh-15-retouched-web-683x1024.jpg\" alt=\"\" class=\"wp-image-1574\" srcset=\"https:\/\/songsanh.cafe\/wp-content\/uploads\/2020\/05\/SongSanh-15-retouched-web-683x1024.jpg 683w, https:\/\/songsanh.cafe\/wp-content\/uploads\/2020\/05\/SongSanh-15-retouched-web-200x300.jpg 200w, https:\/\/songsanh.cafe\/wp-content\/uploads\/2020\/05\/SongSanh-15-retouched-web-770x1155.jpg 770w, https:\/\/songsanh.cafe\/wp-content\/uploads\/2020\/05\/SongSanh-15-retouched-web-1024x1536.jpg 1024w, https:\/\/songsanh.cafe\/wp-content\/uploads\/2020\/05\/SongSanh-15-retouched-web-1365x2048.jpg 1365w, https:\/\/songsanh.cafe\/wp-content\/uploads\/2020\/05\/SongSanh-15-retouched-web-500x750.jpg 500w, https:\/\/songsanh.cafe\/wp-content\/uploads\/2020\/05\/SongSanh-15-retouched-web-293x440.jpg 293w, https:\/\/songsanh.cafe\/wp-content\/uploads\/2020\/05\/SongSanh-15-retouched-web-1400x2100.jpg 1400w, https:\/\/songsanh.cafe\/wp-content\/uploads\/2020\/05\/SongSanh-15-retouched-web-scaled.jpg 1707w\" sizes=\"auto, (max-width: 683px) 100vw, 683px\" \/><\/figure>\n<\/div>\n<\/div>\n<\/div><\/div>\n<\/div>\n<\/div>\n","protected":false},"excerpt":{"rendered":"","protected":false},"author":1,"featured_media":0,"parent":0,"menu_order":0,"comment_status":"closed","ping_status":"closed","template":"","meta":{"footnotes":""},"class_list":["post-1511","page","type-page","status-publish","hentry"],"yoast_head":"<!-- This site is optimized with the Yoast SEO plugin v27.4 - https:\/\/yoast.com\/product\/yoast-seo-wordpress\/ -->\n<title>- S\u00f3ng S\u00e1nh Caf\u00e9<\/title>\n<meta name=\"description\" content=\"S\u00f3ng S\u00e1nh Caf\u00e9 - A cozy coffee shop in the heart of Hanoi - 48 Ngoc Ha, Ba Dinh, Hanoi\" \/>\n<meta name=\"robots\" content=\"index, follow, max-snippet:-1, max-image-preview:large, max-video-preview:-1\" \/>\n<link rel=\"canonical\" href=\"https:\/\/songsanh.cafe\/\" \/>\n<meta property=\"og:locale\" content=\"en_US\" \/>\n<meta property=\"og:type\" content=\"article\" \/>\n<meta property=\"og:title\" content=\"S\u00f3ng S\u00e1nh Caf\u00e9\" \/>\n<meta property=\"og:description\" content=\"S\u00f3ng S\u00e1nh Caf\u00e9 - A cozy coffee shop in the heart of Hanoi - 48 Ngoc Ha, Ba Dinh, Hanoi\" \/>\n<meta property=\"og:url\" content=\"https:\/\/songsanh.cafe\/\" \/>\n<meta property=\"og:site_name\" content=\"S\u00f3ng S\u00e1nh Caf\u00e9\" \/>\n<meta property=\"article:modified_time\" content=\"2023-08-09T10:11:20+00:00\" \/>\n<meta property=\"og:image\" content=\"https:\/\/songsanh.cafe\/wp-content\/uploads\/2020\/01\/songsanhcafe-og-share.jpg\" \/>\n\t<meta property=\"og:image:width\" content=\"1200\" \/>\n\t<meta property=\"og:image:height\" content=\"650\" \/>\n\t<meta property=\"og:image:type\" content=\"image\/jpeg\" \/>\n<meta name=\"twitter:card\" content=\"summary_large_image\" \/>\n<meta name=\"twitter:label1\" content=\"Est. reading time\" \/>\n\t<meta name=\"twitter:data1\" content=\"1 minute\" \/>\n<!-- \/ Yoast SEO plugin. -->","yoast_head_json":{"title":"- S\u00f3ng S\u00e1nh Caf\u00e9","description":"S\u00f3ng S\u00e1nh Caf\u00e9 - A cozy coffee shop in the heart of Hanoi - 48 Ngoc Ha, Ba Dinh, Hanoi","robots":{"index":"index","follow":"follow","max-snippet":"max-snippet:-1","max-image-preview":"max-image-preview:large","max-video-preview":"max-video-preview:-1"},"canonical":"https:\/\/songsanh.cafe\/","og_locale":"en_US","og_type":"article","og_title":"S\u00f3ng S\u00e1nh Caf\u00e9","og_description":"S\u00f3ng S\u00e1nh Caf\u00e9 - A cozy coffee shop in the heart of Hanoi - 48 Ngoc Ha, Ba Dinh, Hanoi","og_url":"https:\/\/songsanh.cafe\/","og_site_name":"S\u00f3ng S\u00e1nh Caf\u00e9","article_modified_time":"2023-08-09T10:11:20+00:00","og_image":[{"width":1200,"height":650,"url":"https:\/\/songsanh.cafe\/wp-content\/uploads\/2020\/01\/songsanhcafe-og-share.jpg","type":"image\/jpeg"}],"twitter_card":"summary_large_image","twitter_misc":{"Est. reading time":"1 minute"},"schema":{"@context":"https:\/\/schema.org","@graph":[{"@type":"WebPage","@id":"https:\/\/songsanh.cafe\/","url":"https:\/\/songsanh.cafe\/","name":"- S\u00f3ng S\u00e1nh Caf\u00e9","isPartOf":{"@id":"https:\/\/songsanh.cafe\/#website"},"primaryImageOfPage":{"@id":"https:\/\/songsanh.cafe\/#primaryimage"},"image":{"@id":"https:\/\/songsanh.cafe\/#primaryimage"},"thumbnailUrl":"https:\/\/songsanh.cafe\/wp-content\/uploads\/2020\/01\/songsanhlogo_800-300x300.png","datePublished":"2018-07-15T21:03:07+00:00","dateModified":"2023-08-09T10:11:20+00:00","description":"S\u00f3ng S\u00e1nh Caf\u00e9 - A cozy coffee shop in the heart of Hanoi - 48 Ngoc Ha, Ba Dinh, Hanoi","inLanguage":"en-US","potentialAction":[{"@type":"ReadAction","target":["https:\/\/songsanh.cafe\/"]}]},{"@type":"ImageObject","inLanguage":"en-US","@id":"https:\/\/songsanh.cafe\/#primaryimage","url":"https:\/\/songsanh.cafe\/wp-content\/uploads\/2020\/01\/songsanhlogo_800.png","contentUrl":"https:\/\/songsanh.cafe\/wp-content\/uploads\/2020\/01\/songsanhlogo_800.png","width":800,"height":800},{"@type":"WebSite","@id":"https:\/\/songsanh.cafe\/#website","url":"https:\/\/songsanh.cafe\/","name":"S\u00f3ng S\u00e1nh Caf\u00e9","description":"","publisher":{"@id":"https:\/\/songsanh.cafe\/#organization"},"potentialAction":[{"@type":"SearchAction","target":{"@type":"EntryPoint","urlTemplate":"https:\/\/songsanh.cafe\/?s={search_term_string}"},"query-input":{"@type":"PropertyValueSpecification","valueRequired":true,"valueName":"search_term_string"}}],"inLanguage":"en-US"},{"@type":"Organization","@id":"https:\/\/songsanh.cafe\/#organization","name":"S\u00f3ng S\u00e1nh Caf\u00e9","url":"https:\/\/songsanh.cafe\/","logo":{"@type":"ImageObject","inLanguage":"en-US","@id":"https:\/\/songsanh.cafe\/#\/schema\/logo\/image\/","url":"https:\/\/songsanh.cafe\/wp-content\/uploads\/2020\/01\/songsanhlogo_300.png","contentUrl":"https:\/\/songsanh.cafe\/wp-content\/uploads\/2020\/01\/songsanhlogo_300.png","width":300,"height":300,"caption":"S\u00f3ng S\u00e1nh Caf\u00e9"},"image":{"@id":"https:\/\/songsanh.cafe\/#\/schema\/logo\/image\/"}}]}},"_links":{"self":[{"href":"https:\/\/songsanh.cafe\/index.php\/wp-json\/wp\/v2\/pages\/1511","targetHints":{"allow":["GET"]}}],"collection":[{"href":"https:\/\/songsanh.cafe\/index.php\/wp-json\/wp\/v2\/pages"}],"about":[{"href":"https:\/\/songsanh.cafe\/index.php\/wp-json\/wp\/v2\/types\/page"}],"author":[{"embeddable":true,"href":"https:\/\/songsanh.cafe\/index.php\/wp-json\/wp\/v2\/users\/1"}],"replies":[{"embeddable":true,"href":"https:\/\/songsanh.cafe\/index.php\/wp-json\/wp\/v2\/comments?post=1511"}],"version-history":[{"count":29,"href":"https:\/\/songsanh.cafe\/index.php\/wp-json\/wp\/v2\/pages\/1511\/revisions"}],"predecessor-version":[{"id":1670,"href":"https:\/\/songsanh.cafe\/index.php\/wp-json\/wp\/v2\/pages\/1511\/revisions\/1670"}],"wp:attachment":[{"href":"https:\/\/songsanh.cafe\/index.php\/wp-json\/wp\/v2\/media?parent=1511"}],"curies":[{"name":"wp","href":"https:\/\/api.w.org\/{rel}","templated":true}]}}